{"id":395,"date":"2024-02-16T12:01:23","date_gmt":"2024-02-16T10:01:23","guid":{"rendered":"https:\/\/shop.baltic-lasers.eu\/?page_id=395"},"modified":"2024-02-28T10:11:17","modified_gmt":"2024-02-28T08:11:17","slug":"muugitingimused","status":"publish","type":"page","link":"https:\/\/shop.baltic-lasers.eu\/et\/muugitingimused\/","title":{"rendered":"M\u00fc\u00fcgitingimused"},"content":{"rendered":"<p>Tingimused kehtivad k\u00f5ikidele Medical Management O\u00dc (e-poe omaniku) ostukeskkonnas registreerunud isikutele (edaspidi \u201cklient\u201d).<br \/>\nRegistrikood: 12273223<br \/>\nAadress: Raua tn 32-37, Kesklinna linnaosa, 10120 Tallinn, Harju maakond, Eesti<\/p>\n<p>Lisaks allj\u00e4rgnevatele tingimustele reguleerib Medical Management O\u00dc toodete ostmist ja sellega seonduvaid\/tekkivaid \u00f5igussuhteid Eesti Vabariigi hallatavate e-poodide kaudu Eesti Vabariigis kehtivate \u00f5igusaktide alusel.<\/p>\n<p>Medical Management O\u00dc-l on \u00f5igus teha selles e-poes igak\u00fclgseid muudatusi, t\u00e4iustusi ja arendusi ilma klienti eelnevalt teavitamata.<br \/>\nTingimuste ja hinnakirja muudatustest ja muudest t\u00e4iendustest teavitatakse klienti veebilehe kaudu.<br \/>\nTingimuste ja hinnakirja muudatused ja t\u00e4iendused j\u00f5ustuvad vastava muudatuse v\u00f5i t\u00e4ienduse veebilehel avaldamise hetkest.<br \/>\nMedical Management O\u00dc kinnitab, et tegutseb vastavalt Eesti Vabariigis kehtivatele v\u00f5la\u00f5igusseadusele, tarbijakaitseseadusele, konkurentsiseadusele, \u00e4ritegevuse seadusele, \u00e4riseadusele ja reklaamiseadusele.<br \/>\nIsikuandmed, mida peate kliendiks registreerumisel esitama, peavad olema igas m\u00f5ttes t\u00f5esed, t\u00e4psed, ajakohased ja t\u00e4ielikud<\/p>\n<h3>TELLIMINE<\/h3>\n<p>Valige endale meelep\u00e4rased tooted, vajutades nuppu &#8220;Lisa ostukorvi&#8221;. Ostukorvi lisamine ei kohusta klienti ostu sooritama. Kui toodet ei saa ostukorvi lisada v\u00f5i ostukorvi nuppu ei kuvata, ei ole toode hetkel saadaval. Infot toodete saadavuse kohta saab k\u00fcsida e-posti v\u00f5i telefoni teel. Need tooted j\u00f5uavad tavaliselt varsti lattu ja neid saab uuesti tellida.<br \/>\nSaate muuta erinevate toodete arvu ostukorvis, muutes toote j\u00e4rel numbrit + -; &#8220;0&#8221; (kustutab) ja kl\u00f5psates kinnitamiseks allosas linki &#8220;Uuenda&#8221;.<\/p>\n<p>Tellimuse vormistamiseks vajuta lingile \u201cVormista tellimus\u201d, misj\u00e4rel suunatakse Teid transpordivaliku lehele, kus on v\u00f5imalik teha ka muudatusi saaja\/saaja andmetes\/aadressides vajutades \u201cMuuda aadressi\u201d &#8221; linki. Esmalt tuleb aga valida riik, kus soovite kaupa k\u00e4tte saada.<\/p>\n<p>Transpordivaliku lehel valige soovitud\/soovitatavatest valikutest k\u00f5ige sobivam meetod ja kl\u00f5psake nuppu \u201cJ\u00e4tka\u201d.<br \/>\nJ\u00e4rgmisel lehel \u201eMakseinfo\u201c saate teha muudatusi maksja andmetes (valikuline), kui maksjaks on keegi muu kui eelmisel lehel registreeritud isik v\u00f5i adressaat\/saaja.<\/p>\n<p>Vajutades \u201cJ\u00e4tka\u201d j\u00f5uad viimasele lehele, kus saad \u00fcle kontrollida kogu sisestatud info, ostetavad tooted ja kogused ning kinnitada tellimus vajutades lingile \u201cKinnita tellimus\u201d.<\/p>\n<p>Toodete m\u00fc\u00fcgileping loetakse s\u00f5lmituks tellimuse kinnituse lingile vajutamise hetkest.<br \/>\nTeie e-posti aadressile saadetakse koos arvega ka kinnitus esitatud tellimuse kohta. Oma tellimuste ajalugu, arveid ja tooteid saate vaadata ka linkide \u201cMinu konto\u201d ja \u201cTellimuste ajalugu\u201d alt.<\/p>\n<p>Teie ja meie vahelise lepingu s\u00f5lmimiseks vajalikud tehnilised sammud on j\u00e4rgmised:<\/p>\n<ul>\n<li>Tellimuse esitate oma toodetele Veebilehel, vajutades ostuprotsessi l\u00f5pus kinnitusnuppu.<\/li>\n<li>Saadame Teile tellimuse kinnituse meili, milles kirjeldatakse \u00fcksikasjalikult teie tellitud tooteid.<\/li>\n<li>Kui Teie toode on meie laost tarnitud, saadame Teile saatmiskinnituse meili.<\/li>\n<li>Tellimuse vastuv\u00f5tmine ning Teie ja meie vahelise lepingu t\u00e4itmine toimub tellitud toodete Teile saatmisel, v\u00e4lja arvatud juhul, kui oleme Teid teavitanud, et me Teie tellimust vastu ei v\u00f5ta.<\/li>\n<\/ul>\n<p>Tellimuse mittevastuv\u00f5tmise p\u00f5hjuseks v\u00f5ib olla \u00fcks j\u00e4rgmistest:<\/p>\n<ul>\n<li>Teie tellitud toode pole laost saadaval.<\/li>\n<li>Teie tellitud toode ei ole Teie valitud tarneriiki tarnimiseks saadaval.<\/li>\n<li>Meie suutmatus saada Teie makse.<\/li>\n<li>Hinnakujunduse v\u00f5i tootekirjelduse vea tuvastamine.<\/li>\n<\/ul>\n<p>Te ei vasta peamistes n\u00f5uetes ja tingimustes s\u00e4testatud tellimistingimustele. Kiiretel aegadel v\u00f5ib tellimuste kohaletoimetamine v\u00f5tta aega 2-3 p\u00e4eva.<\/p>\n<h3>MAKSE<\/h3>\n<p>Aktsepteerime makseid eurodes (\u20ac).<br \/>\nMe ei hoia krediitkaardi andmeid. K\u00f5iki makseid t\u00f6\u00f6deldakse turvaliselt meie heakskiidetud makseteenuse pakkuja veebisaidi kaudu.<br \/>\nMe ei m\u00fc\u00fc tooteid lastele.<\/p>\n<h3>TAGASTUS<\/h3>\n<p>M\u00f5istame, et aeg-ajalt peate v\u00f5ib-olla tagastama meie veebisaidilt ostetud toote. Meie tagastuspoliitika eesm\u00e4rk on tagada teie rahulolu ja anda protsessis selgust. Lugege j\u00e4rgmised tingimused hoolikalt l\u00e4bi.<\/p>\n<p>Tagastamisperiood: Toote saate tagastada 14 p\u00e4eva jooksul alates tarnekuup\u00e4evast, eeldusel, et pakend j\u00e4\u00e4b kahjustamata ning avamata. J\u00e4tame endale \u00f5iguse keelduda tagastamisest v\u00e4ljaspool seda perioodi.<\/p>\n<p>Toote seisukord: Toode tuleb tagastada algses seisukorras, kasutamata ja terve originaalpakendiga. K\u00f5ik kulumisj\u00e4ljed v\u00f5ivad p\u00f5hjustada tagastamisest keeldumise.<\/p>\n<p>Tagastamisprotsess: tagastamise algatamiseks v\u00f5tke etten\u00e4htud tagastusperioodi jooksul \u00fchendust meie klienditeeninduse meeskonnaga. Peate esitama oma tellimuse andmed ja tagastamise p\u00f5hjuse. Kinnitamisel saate juhised, kuidas tagastamisega edasi minna.<br \/>\nTagastamise saatmine: kui tagastamise p\u00f5hjuseks on meelemuutus v\u00f5i mittedefektne toode, vastutate tagastamise kulude eest teie. Toote turvalise tagastamise tagamiseks soovitame kasutada j\u00e4lgitavat saatmisteenust.<br \/>\nKahjustatud pakendid: Kui toodet sisaldav pakend on k\u00e4ttesaamisel kahjustatud, v\u00f5tke meiega viivitamatult \u00fchendust. V\u00f5ime n\u00f5uda kahjustuse fotot\u00f5endeid, et menetleda raha tagasimaksmist v\u00f5i asendamist.<\/p>\n<p>Palun kirjuta meile oma kontolt v\u00f5i t\u00f6\u00f6ajal telefonile (+372) 5555 3560.<\/p>\n<h3>ISIKLIK INFORMATSIOON<\/h3>\n<p>K\u00e4sitleme k\u00f5iki teie isikuandmeid konfidentsiaalsena.<br \/>\nPeaksite teadma, et seda veebilehte j\u00e4lgitakse ja see v\u00f5ib Teie k\u00fclastuse kohta koguda teavet, mis aitab meil teenuse kvaliteeti parandada.<\/p>\n<p>Kinnitame, et mis tahes isikuandmeid, mille meile esitate, ja mis tahes kasutajateavet, mille p\u00f5hjal saame Teid tuvastada, s\u00e4ilitatakse vastavalt registreeringule, mis meil on andmevoliniku b\u00fcroos. Kasutame Teie teavet ainult j\u00e4rgmistel eesm\u00e4rkidel:<\/p>\n<ul>\n<li>Teie tellimuste t\u00f6\u00f6tlemine.<\/li>\n<li>Statistilistel v\u00f5i uuringutel selle veebilehe ja selle Teile pakutavate teenuste t\u00e4iustamiseks. Et pakkuda Teile veebilehe sisu ja reklaame.<\/li>\n<li>Selle veebilehe haldamiseks.<\/li>\n<li>Kui n\u00f5ustute, teavitama Teid toodetest v\u00f5i eripakkumistest, mis v\u00f5ivad Teile huvi pakkuda.<\/li>\n<\/ul>\n<p>Teil on \u00f5igus paluda meil anda Teile avaldus Teie kohta t\u00f6\u00f6deldavate isikuandmete kohta, parandada Teie andmeid v\u00f5i kustutada Teie andmed, v\u00f5tta tagasi Teie isikuandmete t\u00f6\u00f6tlemiseks antud n\u00f5usolek v\u00f5i eemaldada Teid meie postitustest nimekirjad.<\/p>\n<h3>Kohaletoimetamise teave<\/h3>\n<p><strong>Tarnime Eestisse, L\u00e4tti, Leetu ja Soome.<\/strong><\/p>\n<p><strong>OMNIVA PAKIAUTOMAAT<\/strong><br \/>\n3,80\u20ac + KM paki eest Eesti piires;<br \/>\n7,60\u20ac + KM paki L\u00e4tti toimetatud pakkide eest;<br \/>\n8,70\u20ac + KM paki Leedu toimetatud pakkide eest;<\/p>\n<p><strong>SOOME<\/strong><br \/>\nToodete tarnimine Soome toimub ITELLA PAKIMASINA abil Hind fikseeritud 13 + KM eurot S, M ja L paki suurusele.<\/p>\n<h3>Paki k\u00e4ttesaamine<\/h3>\n<p>Kohe kui pakk on j\u00f5udnud sihtkoha pakiautomaati, saadetakse tellimuses m\u00e4rgitud telefoninumbrile SMS koos k\u00f5igi vajalike juhistega paki k\u00e4ttesaamiseks. Seej\u00e4rel tuleb minna vastavasse pakiautomaati ja sisestada pakiautomaadi puutetundlikule ekraanile SMS-iga saadud kood. See avab \u00f5ige kapi ukse ja pakk on Teie! Pakile tuleb j\u00e4rgi tulla viie p\u00e4eva jooksul alates selle pakiautomaati j\u00f5udmisest.<\/p>\n","protected":false},"excerpt":{"rendered":"<p>Tingimused kehtivad k\u00f5ikidele Medical Management O\u00dc (e-poe omaniku) ostukeskkonnas registreerunud isikutele (edaspidi \u201cklient\u201d). Registrikood: 12273223 Aadress: Raua tn 32-37, Kesklinna linnaosa, 10120 Tallinn, Harju maakond, Eesti Lisaks allj\u00e4rgnevatele tingimustele reguleerib Medical Management O\u00dc toodete ostmist ja sellega seonduvaid\/tekkivaid \u00f5igussuhteid Eesti Vabariigi hallatavate e-poodide kaudu Eesti Vabariigis kehtivate \u00f5igusaktide alusel. Medical Management O\u00dc-l on \u00f5igus teha [&hellip;]<\/p>\n","protected":false},"author":2,"featured_media":0,"parent":0,"menu_order":0,"comment_status":"closed","ping_status":"closed","template":"","meta":{"_et_pb_use_builder":"off","_et_pb_old_content":"","_et_gb_content_width":"","footnotes":""},"class_list":["post-395","page","type-page","status-publish","hentry"],"_links":{"self":[{"href":"https:\/\/shop.baltic-lasers.eu\/et\/wp-json\/wp\/v2\/pages\/395","targetHints":{"allow":["GET"]}}],"collection":[{"href":"https:\/\/shop.baltic-lasers.eu\/et\/wp-json\/wp\/v2\/pages"}],"about":[{"href":"https:\/\/shop.baltic-lasers.eu\/et\/wp-json\/wp\/v2\/types\/page"}],"author":[{"embeddable":true,"href":"https:\/\/shop.baltic-lasers.eu\/et\/wp-json\/wp\/v2\/users\/2"}],"replies":[{"embeddable":true,"href":"https:\/\/shop.baltic-lasers.eu\/et\/wp-json\/wp\/v2\/comments?post=395"}],"version-history":[{"count":5,"href":"https:\/\/shop.baltic-lasers.eu\/et\/wp-json\/wp\/v2\/pages\/395\/revisions"}],"predecessor-version":[{"id":611,"href":"https:\/\/shop.baltic-lasers.eu\/et\/wp-json\/wp\/v2\/pages\/395\/revisions\/611"}],"wp:attachment":[{"href":"https:\/\/shop.baltic-lasers.eu\/et\/wp-json\/wp\/v2\/media?parent=395"}],"curies":[{"name":"wp","href":"https:\/\/api.w.org\/{rel}","templated":true}]}}