{"id":414,"date":"2024-02-15T10:53:40","date_gmt":"2024-02-15T08:53:40","guid":{"rendered":"https:\/\/shop.baltic-lasers.eu\/?page_id=414"},"modified":"2024-07-02T09:11:13","modified_gmt":"2024-07-02T07:11:13","slug":"avaleht","status":"publish","type":"page","link":"https:\/\/shop.baltic-lasers.eu\/et\/","title":{"rendered":"Avaleht"},"content":{"rendered":"<p>[et_pb_section fb_built=&#8221;1&#8243; fullwidth=&#8221;on&#8221; _builder_version=&#8221;4.24.0&#8243; _module_preset=&#8221;default&#8221; global_colors_info=&#8221;{}&#8221;][et_pb_fullwidth_slider _builder_version=&#8221;4.24.1&#8243; _module_preset=&#8221;default&#8221; body_font_size=&#8221;20px&#8221; custom_button=&#8221;on&#8221; button_text_color=&#8221;#FFFFFF&#8221; button_bg_color=&#8221;#C00941&#8243; button_border_color=&#8221;#C00941&#8243; custom_padding=&#8221;130px||130px||true|false&#8221; custom_padding_tablet=&#8221;130px||130px||true|false&#8221; custom_padding_phone=&#8221;70px||70px||true|false&#8221; custom_padding_last_edited=&#8221;on|phone&#8221; header_font_size_tablet=&#8221;40px&#8221; header_font_size_phone=&#8221;36px&#8221; header_font_size_last_edited=&#8221;on|desktop&#8221; global_colors_info=&#8221;{}&#8221;][et_pb_slide heading=&#8221;Dermadrop&#8221; button_text=&#8221;E-pood&#8221; button_link=&#8221;https:\/\/shop.baltic-lasers.eu\/et\/tootekategooria\/dermadrop-et\/&#8221; _builder_version=&#8221;4.24.1&#8243; _module_preset=&#8221;default&#8221; background_enable_color=&#8221;off&#8221; use_background_color_gradient=&#8221;on&#8221; background_color_gradient_stops=&#8221;rgba(0,0,0,0.4) 0%|rgba(0,0,0,0.4) 99%&#8221; background_color_gradient_overlays_image=&#8221;on&#8221; background_image=&#8221;https:\/\/shop.baltic-lasers.eu\/wp-content\/uploads\/2024\/02\/dermadrop.jpg&#8221; background_enable_image=&#8221;on&#8221; global_colors_info=&#8221;{}&#8221; sticky_transition=&#8221;on&#8221;]Dermadrop protseduuri komponendid ja n\u00e4ohooldustooted[\/et_pb_slide][et_pb_slide heading=&#8221;Zionic&#8221; button_text=&#8221;E-pood&#8221; button_link=&#8221;https:\/\/shop.baltic-lasers.eu\/et\/tootekategooria\/zionic-et\/&#8221; _builder_version=&#8221;4.24.1&#8243; _module_preset=&#8221;default&#8221; background_enable_color=&#8221;off&#8221; use_background_color_gradient=&#8221;on&#8221; background_color_gradient_stops=&#8221;rgba(0,0,0,0.4) 0%|rgba(0,0,0,0.4) 99%&#8221; background_color_gradient_overlays_image=&#8221;on&#8221; background_image=&#8221;https:\/\/shop.baltic-lasers.eu\/wp-content\/uploads\/2024\/02\/zionic3.jpg&#8221; background_enable_image=&#8221;on&#8221; global_colors_info=&#8221;{}&#8221; sticky_transition=&#8221;on&#8221;]Tooted nii koduseks kui ka professionaalseks kasutamiseks[\/et_pb_slide][et_pb_slide heading=&#8221;Endospheres&#8221; button_text=&#8221;E-pood&#8221; button_link=&#8221;https:\/\/shop.baltic-lasers.eu\/et\/product-category\/endospheres-et\/kehahooldus\/&#8221; _builder_version=&#8221;4.24.1&#8243; _module_preset=&#8221;default&#8221; background_enable_color=&#8221;off&#8221; use_background_color_gradient=&#8221;on&#8221; background_color_gradient_stops=&#8221;rgba(0,0,0,0.4) 0%|rgba(0,0,0,0.4) 99%&#8221; background_color_gradient_overlays_image=&#8221;on&#8221; background_image=&#8221;https:\/\/shop.baltic-lasers.eu\/wp-content\/uploads\/2024\/02\/endo.jpg&#8221; background_enable_image=&#8221;on&#8221; global_colors_info=&#8221;{}&#8221; sticky_transition=&#8221;on&#8221;]Kehahooldus\u00f5lid[\/et_pb_slide][et_pb_slide heading=&#8221;Endymed&#8221; button_text=&#8221;E-pood&#8221; button_link=&#8221;https:\/\/shop.baltic-lasers.eu\/et\/tootekategooria\/endymed-et\/&#8221; _builder_version=&#8221;4.24.1&#8243; _module_preset=&#8221;default&#8221; background_enable_color=&#8221;off&#8221; use_background_color_gradient=&#8221;on&#8221; background_color_gradient_stops=&#8221;rgba(0,0,0,0.4) 0%|rgba(0,0,0,0.4) 99%&#8221; background_color_gradient_overlays_image=&#8221;on&#8221; background_image=&#8221;https:\/\/shop.baltic-lasers.eu\/wp-content\/uploads\/2024\/02\/Banneri_Endymed.png&#8221; background_enable_image=&#8221;on&#8221; global_colors_info=&#8221;{}&#8221; sticky_transition=&#8221;on&#8221;]Lai valik rakendusi k\u00f5igi teie esteetiliste vajaduste katmiseks[\/et_pb_slide][et_pb_slide heading=&#8221;Endospheres hooldust\u00f6\u00f6d&#8221; button_text=&#8221;E-pood&#8221; button_link=&#8221;https:\/\/shop.baltic-lasers.eu\/et\/product-category\/endospheres-et\/hooldustood\/&#8221; _builder_version=&#8221;4.24.1&#8243; _module_preset=&#8221;default&#8221; background_enable_color=&#8221;off&#8221; use_background_color_gradient=&#8221;on&#8221; background_color_gradient_stops=&#8221;rgba(0,0,0,0.4) 0%|rgba(0,0,0,0.4) 99%&#8221; background_color_gradient_overlays_image=&#8221;on&#8221; background_image=&#8221;https:\/\/shop.baltic-lasers.eu\/wp-content\/uploads\/2024\/02\/endo-baner-1.png&#8221; background_enable_image=&#8221;on&#8221; global_colors_info=&#8221;{}&#8221; sticky_transition=&#8221;on&#8221;][\/et_pb_slide][\/et_pb_fullwidth_slider][\/et_pb_section][et_pb_section fb_built=&#8221;1&#8243; _builder_version=&#8221;4.24.0&#8243; _module_preset=&#8221;default&#8221; global_colors_info=&#8221;{}&#8221;][et_pb_row _builder_version=&#8221;4.24.0&#8243; _module_preset=&#8221;default&#8221; global_colors_info=&#8221;{}&#8221;][et_pb_column type=&#8221;4_4&#8243; _builder_version=&#8221;4.24.0&#8243; _module_preset=&#8221;default&#8221; global_colors_info=&#8221;{}&#8221;][et_pb_text _builder_version=&#8221;4.24.1&#8243; _module_preset=&#8221;default&#8221; text_orientation=&#8221;center&#8221; max_width_tablet=&#8221;90%&#8221; max_width_phone=&#8221;100%&#8221; max_width_last_edited=&#8221;off|desktop&#8221; module_alignment=&#8221;center&#8221; global_colors_info=&#8221;{}&#8221;]<\/p>\n<h1>Baltic-lasers e-pood<\/h1>\n<p><strong>Turvalised komponendid, T\u00f5husus, K\u00f5rged kvaliteedistandardid<\/strong><\/p>\n<p><strong>DERMADROP TDA<\/strong> \u2013 \u00fclemaailmne ainulaadne ravikontseptsioon kogu kehale, mis \u00fchendab s\u00fcgava toime meeldiva protseduuriga. Otsene nahakontakt puudub, seega on protseduur meeldiv ja valutu.<\/p>\n<p><strong>ENDOSPHERES Lipo Action<\/strong> \u2013 soodustab f\u00fcsioloogilist kudede regenereerimist, toidab ja pehmendab nahka. Aitab taastada \u00f5ige veekoguse kudedes. Omab antioks\u00fcdantset toimet ja kaitseb keharakke vabade radikaalide toime eest.<\/p>\n<p><strong>ZIONIC Bodycare<\/strong> sisaldab nutikat aktiivainete segu, mis kasutab s\u00fcnergiat, et v\u00f5idelda kehanaha vananemise probleemidega. Oma kolme lipol\u00fc\u00fctilise, dreneeriva ja pingultava toimega v\u00f5itleb see tselluliidi, naha l\u00f5tvumise ja lokaalse rasvkoe vastu.[\/et_pb_text][\/et_pb_column][\/et_pb_row][et_pb_row _builder_version=&#8221;4.24.0&#8243; _module_preset=&#8221;default&#8221; global_colors_info=&#8221;{}&#8221;][et_pb_column type=&#8221;4_4&#8243; _builder_version=&#8221;4.24.0&#8243; _module_preset=&#8221;default&#8221; global_colors_info=&#8221;{}&#8221;][et_pb_shop columns_number=&#8221;4&#8243; show_rating=&#8221;off&#8221; _builder_version=&#8221;4.24.0&#8243; _module_preset=&#8221;default&#8221; global_colors_info=&#8221;{}&#8221;][\/et_pb_shop][et_pb_button button_url=&#8221;https:\/\/shop.baltic-lasers.eu\/et\/e-pood\/&#8221; button_text=&#8221;Vaata k\u00f5iki tooteid&#8221; button_alignment=&#8221;center&#8221; _builder_version=&#8221;4.24.1&#8243; _module_preset=&#8221;default&#8221; global_colors_info=&#8221;{}&#8221; button_bg_color__hover_enabled=&#8221;off|desktop&#8221;][\/et_pb_button][\/et_pb_column][\/et_pb_row][\/et_pb_section]<\/p>\n","protected":false},"excerpt":{"rendered":"<p>Dermadrop protseduuri komponendid ja n\u00e4ohooldustootedTooted nii koduseks kui ka professionaalseks kasutamiseksKehahooldus\u00f5lidLai valik rakendusi k\u00f5igi teie esteetiliste vajaduste katmiseksBaltic-lasers e-pood Turvalised komponendid, T\u00f5husus, K\u00f5rged kvaliteedistandardid DERMADROP TDA \u2013 \u00fclemaailmne ainulaadne ravikontseptsioon kogu kehale, mis \u00fchendab s\u00fcgava toime meeldiva protseduuriga. Otsene nahakontakt puudub, seega on protseduur meeldiv ja valutu. ENDOSPHERES Lipo Action \u2013 soodustab f\u00fcsioloogilist kudede regenereerimist, [&hellip;]<\/p>\n","protected":false},"author":2,"featured_media":0,"parent":0,"menu_order":0,"comment_status":"closed","ping_status":"closed","template":"","meta":{"_et_pb_use_builder":"on","_et_pb_old_content":"[et_pb_section fb_built=\"1\" fullwidth=\"on\" _builder_version=\"4.24.0\" _module_preset=\"default\" global_colors_info=\"{}\"][et_pb_fullwidth_slider _builder_version=\"4.24.1\" _module_preset=\"default\" body_font_size=\"20px\" custom_button=\"on\" button_text_color=\"#FFFFFF\" button_bg_color=\"#C00941\" button_border_color=\"#C00941\" custom_padding=\"130px||130px||true|false\" custom_padding_tablet=\"130px||130px||true|false\" custom_padding_phone=\"70px||70px||true|false\" custom_padding_last_edited=\"on|phone\" hover_enabled=\"0\" header_font_size_tablet=\"40px\" header_font_size_phone=\"36px\" header_font_size_last_edited=\"on|desktop\" global_colors_info=\"{}\" sticky_enabled=\"0\"][et_pb_slide heading=\"Dermadrop\" button_text=\"Shop\" button_link=\"https:\/\/shop.baltic-lasers.eu\/product-category\/dermadrop\/\" _builder_version=\"4.24.0\" _module_preset=\"default\" background_enable_color=\"off\" use_background_color_gradient=\"on\" background_color_gradient_stops=\"rgba(0,0,0,0.4) 0%|rgba(0,0,0,0.4) 99%\" background_color_gradient_overlays_image=\"on\" background_image=\"https:\/\/shop.baltic-lasers.eu\/wp-content\/uploads\/2024\/02\/dermadrop.jpg\" background_enable_image=\"on\" global_colors_info=\"{}\" sticky_transition=\"on\"]<p>Dermadrop Cartridges and face care products<\/p>[\/et_pb_slide][et_pb_slide heading=\"Zionic\" button_text=\"Shop\" button_link=\"https:\/\/shop.baltic-lasers.eu\/product-category\/zionic\/\" _builder_version=\"4.24.0\" _module_preset=\"default\" background_enable_color=\"off\" use_background_color_gradient=\"on\" background_color_gradient_stops=\"rgba(0,0,0,0.4) 0%|rgba(0,0,0,0.4) 99%\" background_color_gradient_overlays_image=\"on\" background_image=\"https:\/\/shop.baltic-lasers.eu\/wp-content\/uploads\/2024\/02\/zionic3.jpg\" background_enable_image=\"on\" global_colors_info=\"{}\" sticky_transition=\"on\"]<p>Products for home and professional use<\/p>[\/et_pb_slide][et_pb_slide heading=\"Endospheres\" button_text=\"Shop\" button_link=\"https:\/\/shop.baltic-lasers.eu\/product-category\/endospheres\/\" _builder_version=\"4.24.0\" _module_preset=\"default\" background_enable_color=\"off\" use_background_color_gradient=\"on\" background_color_gradient_stops=\"rgba(0,0,0,0.4) 0%|rgba(0,0,0,0.4) 99%\" background_color_gradient_overlays_image=\"on\" background_image=\"https:\/\/shop.baltic-lasers.eu\/wp-content\/uploads\/2024\/02\/endo.jpg\" background_enable_image=\"on\" global_colors_info=\"{}\" sticky_transition=\"on\"]<p>Body treatment oils<\/p>[\/et_pb_slide][et_pb_slide heading=\"Endymed\" button_text=\"Shop\" button_link=\"https:\/\/shop.baltic-lasers.eu\/product-category\/endymed\/\" _builder_version=\"4.24.1\" _module_preset=\"default\" background_enable_color=\"off\" use_background_color_gradient=\"on\" background_color_gradient_stops=\"rgba(0,0,0,0.4) 0%|rgba(0,0,0,0.4) 99%\" background_color_gradient_overlays_image=\"on\" background_image=\"https:\/\/shop.baltic-lasers.eu\/wp-content\/uploads\/2024\/02\/Banneri_Endymed.png\" background_enable_image=\"on\" hover_enabled=\"0\" global_colors_info=\"{}\" sticky_transition=\"on\" title_text=\"Banneri_Endymed\" sticky_enabled=\"0\"]Wide variety of treatment applications for all your aesthetic needs[\/et_pb_slide][\/et_pb_fullwidth_slider][\/et_pb_section][et_pb_section fb_built=\"1\" _builder_version=\"4.24.0\" _module_preset=\"default\" global_colors_info=\"{}\"][et_pb_row _builder_version=\"4.24.0\" _module_preset=\"default\" global_colors_info=\"{}\"][et_pb_column type=\"4_4\" _builder_version=\"4.24.0\" _module_preset=\"default\" global_colors_info=\"{}\"][et_pb_text _builder_version=\"4.24.0\" _module_preset=\"default\" text_orientation=\"center\" max_width_tablet=\"90%\" max_width_phone=\"100%\" max_width_last_edited=\"off|desktop\" module_alignment=\"center\" global_colors_info=\"{}\"]<h1>Baltic-lasers e-shop<\/h1>\r\n<p><strong>Safe components, Effectiveness, High quality standards<\/strong><\/p>\r\n<p><strong>DERMADROP TDA<\/strong> \u2013 the worldwide unique treatment concept for the whole body that merges in-depth efficacy with an enjoyable treatment. No direct skin contact needed therefore pleasant and without pain.<\/p>\r\n<p><strong>ENDOSPHERES Lipo Action<\/strong> \u2013 promotes physiological tissue regeneration, nourishes and softens the skin. Helps restoring the right quantity of water in the tissues. Has antioxidant effect and protects the body cells from the action of free radicals.<\/p>\r\n<p><strong>ZIONIC Bodycar<\/strong>e includes smart blend active ingredients harnesses the synergy to combat the problems of ageing of the body skin. With its three lipolytic, draining and firming actions, it combats cellulitis, flaccidity, and localised fat.<\/p>[\/et_pb_text][\/et_pb_column][\/et_pb_row][et_pb_row _builder_version=\"4.24.0\" _module_preset=\"default\" global_colors_info=\"{}\"][et_pb_column type=\"4_4\" _builder_version=\"4.24.0\" _module_preset=\"default\" global_colors_info=\"{}\"][et_pb_shop columns_number=\"4\" show_rating=\"off\" _builder_version=\"4.24.0\" _module_preset=\"default\" global_colors_info=\"{}\"][\/et_pb_shop][et_pb_button button_url=\"https:\/\/shop.baltic-lasers.eu\/shop\/\" button_text=\"View all products\" button_alignment=\"center\" _builder_version=\"4.24.0\" _module_preset=\"default\" global_colors_info=\"{}\" button_bg_color__hover_enabled=\"off|desktop\"][\/et_pb_button][\/et_pb_column][\/et_pb_row][\/et_pb_section]","_et_gb_content_width":"","footnotes":""},"class_list":["post-414","page","type-page","status-publish","hentry"],"_links":{"self":[{"href":"https:\/\/shop.baltic-lasers.eu\/et\/wp-json\/wp\/v2\/pages\/414","targetHints":{"allow":["GET"]}}],"collection":[{"href":"https:\/\/shop.baltic-lasers.eu\/et\/wp-json\/wp\/v2\/pages"}],"about":[{"href":"https:\/\/shop.baltic-lasers.eu\/et\/wp-json\/wp\/v2\/types\/page"}],"author":[{"embeddable":true,"href":"https:\/\/shop.baltic-lasers.eu\/et\/wp-json\/wp\/v2\/users\/2"}],"replies":[{"embeddable":true,"href":"https:\/\/shop.baltic-lasers.eu\/et\/wp-json\/wp\/v2\/comments?post=414"}],"version-history":[{"count":5,"href":"https:\/\/shop.baltic-lasers.eu\/et\/wp-json\/wp\/v2\/pages\/414\/revisions"}],"predecessor-version":[{"id":791,"href":"https:\/\/shop.baltic-lasers.eu\/et\/wp-json\/wp\/v2\/pages\/414\/revisions\/791"}],"wp:attachment":[{"href":"https:\/\/shop.baltic-lasers.eu\/et\/wp-json\/wp\/v2\/media?parent=414"}],"curies":[{"name":"wp","href":"https:\/\/api.w.org\/{rel}","templated":true}]}}