{"id":1155,"date":"2025-04-23T11:01:53","date_gmt":"2025-04-23T09:01:53","guid":{"rendered":"https:\/\/shop.baltic-lasers.eu\/?post_type=product&#038;p=1155"},"modified":"2025-04-23T11:02:47","modified_gmt":"2025-04-23T09:02:47","slug":"matcha-power-tda","status":"publish","type":"product","link":"https:\/\/shop.baltic-lasers.eu\/et\/toode\/matcha-power-tda\/","title":{"rendered":"MATCHA POWER TDA"},"content":{"rendered":"","protected":false},"excerpt":{"rendered":"<p><strong>Kogus: 6 x 1,2 ml<\/strong><br \/>\nAntioks\u00fcdantiderikas MATCHA POWER TDA taastab naha eluj\u00f5u, kaitseb kahjulike keskkonnategurite eest ja annab s\u00e4rava v\u00e4limuse<\/p>\n","protected":false},"featured_media":1145,"template":"","meta":{"_et_pb_use_builder":"","_et_pb_old_content":"","_et_gb_content_width":""},"product_brand":[],"product_cat":[46,50],"product_tag":[],"class_list":{"0":"post-1155","1":"product","2":"type-product","3":"status-publish","4":"has-post-thumbnail","6":"product_cat-dermadrop-et","7":"product_cat-dermadrop-tda-kassetid","9":"first","10":"instock","11":"taxable","12":"shipping-taxable","13":"purchasable","14":"product-type-simple"},"_links":{"self":[{"href":"https:\/\/shop.baltic-lasers.eu\/et\/wp-json\/wp\/v2\/product\/1155","targetHints":{"allow":["GET"]}}],"collection":[{"href":"https:\/\/shop.baltic-lasers.eu\/et\/wp-json\/wp\/v2\/product"}],"about":[{"href":"https:\/\/shop.baltic-lasers.eu\/et\/wp-json\/wp\/v2\/types\/product"}],"wp:featuredmedia":[{"embeddable":true,"href":"https:\/\/shop.baltic-lasers.eu\/et\/wp-json\/wp\/v2\/media\/1145"}],"wp:attachment":[{"href":"https:\/\/shop.baltic-lasers.eu\/et\/wp-json\/wp\/v2\/media?parent=1155"}],"wp:term":[{"taxonomy":"product_brand","embeddable":true,"href":"https:\/\/shop.baltic-lasers.eu\/et\/wp-json\/wp\/v2\/product_brand?post=1155"},{"taxonomy":"product_cat","embeddable":true,"href":"https:\/\/shop.baltic-lasers.eu\/et\/wp-json\/wp\/v2\/product_cat?post=1155"},{"taxonomy":"product_tag","embeddable":true,"href":"https:\/\/shop.baltic-lasers.eu\/et\/wp-json\/wp\/v2\/product_tag?post=1155"}],"curies":[{"name":"wp","href":"https:\/\/api.w.org\/{rel}","templated":true}]}}