{"id":1156,"date":"2025-04-23T11:04:43","date_gmt":"2025-04-23T09:04:43","guid":{"rendered":"https:\/\/shop.baltic-lasers.eu\/?post_type=product&#038;p=1156"},"modified":"2025-04-23T11:05:05","modified_gmt":"2025-04-23T09:05:05","slug":"matcha-power-serum","status":"publish","type":"product","link":"https:\/\/shop.baltic-lasers.eu\/et\/toode\/matcha-power-serum\/","title":{"rendered":"MATCHA POWER SERUM"},"content":{"rendered":"","protected":false},"excerpt":{"rendered":"<p><strong>Kogus: 20ml<\/strong><br \/>\nSuurep\u00e4raselt sobib v\u00e4sinud ja keskkonnategurite poolt n\u00f5rgestatud nahale.<\/p>\n","protected":false},"featured_media":1152,"template":"","meta":{"_et_pb_use_builder":"","_et_pb_old_content":"","_et_gb_content_width":""},"product_brand":[],"product_cat":[46,52],"product_tag":[],"class_list":{"0":"post-1156","1":"product","2":"type-product","3":"status-publish","4":"has-post-thumbnail","6":"product_cat-dermadrop-et","7":"product_cat-seerum","9":"first","10":"instock","11":"taxable","12":"shipping-taxable","13":"purchasable","14":"product-type-simple"},"_links":{"self":[{"href":"https:\/\/shop.baltic-lasers.eu\/et\/wp-json\/wp\/v2\/product\/1156","targetHints":{"allow":["GET"]}}],"collection":[{"href":"https:\/\/shop.baltic-lasers.eu\/et\/wp-json\/wp\/v2\/product"}],"about":[{"href":"https:\/\/shop.baltic-lasers.eu\/et\/wp-json\/wp\/v2\/types\/product"}],"wp:featuredmedia":[{"embeddable":true,"href":"https:\/\/shop.baltic-lasers.eu\/et\/wp-json\/wp\/v2\/media\/1152"}],"wp:attachment":[{"href":"https:\/\/shop.baltic-lasers.eu\/et\/wp-json\/wp\/v2\/media?parent=1156"}],"wp:term":[{"taxonomy":"product_brand","embeddable":true,"href":"https:\/\/shop.baltic-lasers.eu\/et\/wp-json\/wp\/v2\/product_brand?post=1156"},{"taxonomy":"product_cat","embeddable":true,"href":"https:\/\/shop.baltic-lasers.eu\/et\/wp-json\/wp\/v2\/product_cat?post=1156"},{"taxonomy":"product_tag","embeddable":true,"href":"https:\/\/shop.baltic-lasers.eu\/et\/wp-json\/wp\/v2\/product_tag?post=1156"}],"curies":[{"name":"wp","href":"https:\/\/api.w.org\/{rel}","templated":true}]}}